{"id":1060,"date":"2016-01-28T21:59:03","date_gmt":"2016-01-28T21:59:03","guid":{"rendered":"http:\/\/priska.co\/en\/blogue\/"},"modified":"2016-01-29T23:34:19","modified_gmt":"2016-01-29T23:34:19","slug":"blog","status":"publish","type":"page","link":"https:\/\/priska.co\/en\/blog\/","title":{"rendered":"Blog"},"content":{"rendered":"","protected":false},"excerpt":{"rendered":"","protected":false},"author":4,"featured_media":599,"parent":0,"menu_order":0,"comment_status":"closed","ping_status":"closed","template":"page-blog.php","meta":{"footnotes":""},"class_list":["post-1060","page","type-page","status-publish","has-post-thumbnail","hentry"],"yoast_head":"<!-- This site is optimized with the Yoast SEO plugin v25.7 - https:\/\/yoast.com\/wordpress\/plugins\/seo\/ -->\n<title>Blog | Priska &amp; Co | Salon de coiffure | Montr\u00e9al<\/title>\n<meta name=\"description\" content=\"Chez Priska Coiffure , coiffer n\u2019est pas qu\u2019une simple action. C\u2019est un art\u2026 On vous procure une touche de beaut\u00e9 suppl\u00e9mentaire \u00e0 votre identit\u00e9.\" \/>\n<meta name=\"robots\" content=\"index, follow, max-snippet:-1, max-image-preview:large, max-video-preview:-1\" \/>\n<link rel=\"canonical\" href=\"https:\/\/priska.co\/en\/blog\/\" \/>\n<meta property=\"og:locale\" content=\"en_US\" \/>\n<meta property=\"og:type\" content=\"article\" \/>\n<meta property=\"og:title\" content=\"Blog | Priska &amp; Co | Salon de coiffure | Montr\u00e9al\" \/>\n<meta property=\"og:description\" content=\"Chez Priska Coiffure , coiffer n\u2019est pas qu\u2019une simple action. C\u2019est un art\u2026 On vous procure une touche de beaut\u00e9 suppl\u00e9mentaire \u00e0 votre identit\u00e9.\" \/>\n<meta property=\"og:url\" content=\"https:\/\/priska.co\/en\/blog\/\" \/>\n<meta property=\"og:site_name\" content=\"Priska &amp; CO Coiffure | Hair Dresser | Montreal Quebec\" \/>\n<meta property=\"article:modified_time\" content=\"2016-01-29T23:34:19+00:00\" \/>\n<meta property=\"og:image\" content=\"https:\/\/priska.co\/wp-content\/uploads\/2013\/03\/priska-laurent.jpg\" \/>\n\t<meta property=\"og:image:width\" content=\"800\" \/>\n\t<meta property=\"og:image:height\" content=\"531\" \/>\n\t<meta property=\"og:image:type\" content=\"image\/jpeg\" \/>\n<meta name=\"twitter:card\" content=\"summary_large_image\" \/>\n<script type=\"application\/ld+json\" class=\"yoast-schema-graph\">{\"@context\":\"https:\/\/schema.org\",\"@graph\":[{\"@type\":\"WebPage\",\"@id\":\"https:\/\/priska.co\/en\/blog\/\",\"url\":\"https:\/\/priska.co\/en\/blog\/\",\"name\":\"Blog | Priska & Co | Salon de coiffure | Montr\u00e9al\",\"isPartOf\":{\"@id\":\"https:\/\/priska.co\/en\/#website\"},\"primaryImageOfPage\":{\"@id\":\"https:\/\/priska.co\/en\/blog\/#primaryimage\"},\"image\":{\"@id\":\"https:\/\/priska.co\/en\/blog\/#primaryimage\"},\"thumbnailUrl\":\"https:\/\/priska.co\/wp-content\/uploads\/2013\/03\/priska-laurent.jpg\",\"datePublished\":\"2016-01-28T21:59:03+00:00\",\"dateModified\":\"2016-01-29T23:34:19+00:00\",\"description\":\"Chez Priska Coiffure , coiffer n\u2019est pas qu\u2019une simple action. C\u2019est un art\u2026 On vous procure une touche de beaut\u00e9 suppl\u00e9mentaire \u00e0 votre identit\u00e9.\",\"breadcrumb\":{\"@id\":\"https:\/\/priska.co\/en\/blog\/#breadcrumb\"},\"inLanguage\":\"en-US\",\"potentialAction\":[{\"@type\":\"ReadAction\",\"target\":[\"https:\/\/priska.co\/en\/blog\/\"]}]},{\"@type\":\"ImageObject\",\"inLanguage\":\"en-US\",\"@id\":\"https:\/\/priska.co\/en\/blog\/#primaryimage\",\"url\":\"https:\/\/priska.co\/wp-content\/uploads\/2013\/03\/priska-laurent.jpg\",\"contentUrl\":\"https:\/\/priska.co\/wp-content\/uploads\/2013\/03\/priska-laurent.jpg\",\"width\":800,\"height\":531},{\"@type\":\"BreadcrumbList\",\"@id\":\"https:\/\/priska.co\/en\/blog\/#breadcrumb\",\"itemListElement\":[{\"@type\":\"ListItem\",\"position\":1,\"name\":\"Accueil\",\"item\":\"https:\/\/priska.co\/en\/\"},{\"@type\":\"ListItem\",\"position\":2,\"name\":\"Blog\"}]},{\"@type\":\"WebSite\",\"@id\":\"https:\/\/priska.co\/en\/#website\",\"url\":\"https:\/\/priska.co\/en\/\",\"name\":\"Priska & CO Coiffure | Hair Dresser | Montreal Quebec\",\"description\":\"\",\"potentialAction\":[{\"@type\":\"SearchAction\",\"target\":{\"@type\":\"EntryPoint\",\"urlTemplate\":\"https:\/\/priska.co\/en\/?s={search_term_string}\"},\"query-input\":{\"@type\":\"PropertyValueSpecification\",\"valueRequired\":true,\"valueName\":\"search_term_string\"}}],\"inLanguage\":\"en-US\"}]}<\/script>\n<!-- \/ Yoast SEO plugin. -->","yoast_head_json":{"title":"Blog | Priska & Co | Salon de coiffure | Montr\u00e9al","description":"Chez Priska Coiffure , coiffer n\u2019est pas qu\u2019une simple action. C\u2019est un art\u2026 On vous procure une touche de beaut\u00e9 suppl\u00e9mentaire \u00e0 votre identit\u00e9.","robots":{"index":"index","follow":"follow","max-snippet":"max-snippet:-1","max-image-preview":"max-image-preview:large","max-video-preview":"max-video-preview:-1"},"canonical":"https:\/\/priska.co\/en\/blog\/","og_locale":"en_US","og_type":"article","og_title":"Blog | Priska & Co | Salon de coiffure | Montr\u00e9al","og_description":"Chez Priska Coiffure , coiffer n\u2019est pas qu\u2019une simple action. C\u2019est un art\u2026 On vous procure une touche de beaut\u00e9 suppl\u00e9mentaire \u00e0 votre identit\u00e9.","og_url":"https:\/\/priska.co\/en\/blog\/","og_site_name":"Priska & CO Coiffure | Hair Dresser | Montreal Quebec","article_modified_time":"2016-01-29T23:34:19+00:00","og_image":[{"width":800,"height":531,"url":"https:\/\/priska.co\/wp-content\/uploads\/2013\/03\/priska-laurent.jpg","type":"image\/jpeg"}],"twitter_card":"summary_large_image","schema":{"@context":"https:\/\/schema.org","@graph":[{"@type":"WebPage","@id":"https:\/\/priska.co\/en\/blog\/","url":"https:\/\/priska.co\/en\/blog\/","name":"Blog | Priska & Co | Salon de coiffure | Montr\u00e9al","isPartOf":{"@id":"https:\/\/priska.co\/en\/#website"},"primaryImageOfPage":{"@id":"https:\/\/priska.co\/en\/blog\/#primaryimage"},"image":{"@id":"https:\/\/priska.co\/en\/blog\/#primaryimage"},"thumbnailUrl":"https:\/\/priska.co\/wp-content\/uploads\/2013\/03\/priska-laurent.jpg","datePublished":"2016-01-28T21:59:03+00:00","dateModified":"2016-01-29T23:34:19+00:00","description":"Chez Priska Coiffure , coiffer n\u2019est pas qu\u2019une simple action. C\u2019est un art\u2026 On vous procure une touche de beaut\u00e9 suppl\u00e9mentaire \u00e0 votre identit\u00e9.","breadcrumb":{"@id":"https:\/\/priska.co\/en\/blog\/#breadcrumb"},"inLanguage":"en-US","potentialAction":[{"@type":"ReadAction","target":["https:\/\/priska.co\/en\/blog\/"]}]},{"@type":"ImageObject","inLanguage":"en-US","@id":"https:\/\/priska.co\/en\/blog\/#primaryimage","url":"https:\/\/priska.co\/wp-content\/uploads\/2013\/03\/priska-laurent.jpg","contentUrl":"https:\/\/priska.co\/wp-content\/uploads\/2013\/03\/priska-laurent.jpg","width":800,"height":531},{"@type":"BreadcrumbList","@id":"https:\/\/priska.co\/en\/blog\/#breadcrumb","itemListElement":[{"@type":"ListItem","position":1,"name":"Accueil","item":"https:\/\/priska.co\/en\/"},{"@type":"ListItem","position":2,"name":"Blog"}]},{"@type":"WebSite","@id":"https:\/\/priska.co\/en\/#website","url":"https:\/\/priska.co\/en\/","name":"Priska & CO Coiffure | Hair Dresser | Montreal Quebec","description":"","potentialAction":[{"@type":"SearchAction","target":{"@type":"EntryPoint","urlTemplate":"https:\/\/priska.co\/en\/?s={search_term_string}"},"query-input":{"@type":"PropertyValueSpecification","valueRequired":true,"valueName":"search_term_string"}}],"inLanguage":"en-US"}]}},"_links":{"self":[{"href":"https:\/\/priska.co\/en\/wp-json\/wp\/v2\/pages\/1060","targetHints":{"allow":["GET"]}}],"collection":[{"href":"https:\/\/priska.co\/en\/wp-json\/wp\/v2\/pages"}],"about":[{"href":"https:\/\/priska.co\/en\/wp-json\/wp\/v2\/types\/page"}],"author":[{"embeddable":true,"href":"https:\/\/priska.co\/en\/wp-json\/wp\/v2\/users\/4"}],"replies":[{"embeddable":true,"href":"https:\/\/priska.co\/en\/wp-json\/wp\/v2\/comments?post=1060"}],"version-history":[{"count":2,"href":"https:\/\/priska.co\/en\/wp-json\/wp\/v2\/pages\/1060\/revisions"}],"predecessor-version":[{"id":1107,"href":"https:\/\/priska.co\/en\/wp-json\/wp\/v2\/pages\/1060\/revisions\/1107"}],"wp:featuredmedia":[{"embeddable":true,"href":"https:\/\/priska.co\/en\/wp-json\/wp\/v2\/media\/599"}],"wp:attachment":[{"href":"https:\/\/priska.co\/en\/wp-json\/wp\/v2\/media?parent=1060"}],"curies":[{"name":"wp","href":"https:\/\/api.w.org\/{rel}","templated":true}]}}